{"id":396,"date":"2021-06-09T16:17:37","date_gmt":"2021-06-09T14:17:37","guid":{"rendered":"http:\/\/birrificiobirdo.com\/?page_id=396"},"modified":"2023-01-11T11:10:38","modified_gmt":"2023-01-11T10:10:38","slug":"shop","status":"publish","type":"page","link":"https:\/\/birrificiobirdo.com\/","title":{"rendered":"Shop"},"content":{"rendered":"<div id='full_slider_1'  class='avia-fullwidth-slider main_color avia-shadow   avia-builder-el-0  el_before_av_section  avia-builder-el-first   container_wrap sidebar_right' style=' '  ><div   data-size='featured_large'  data-lightbox_size='large'  data-animation='slide'  data-conditional_play=''  data-ids='422'  data-video_counter='0'  data-autoplay='false'  data-bg_slider='false'  data-slide_height=''  data-handle='av_slideshow_full'  data-interval='5'  data-class=' '  data-el_id=''  data-css_id=''  data-scroll_down=''  data-control_layout='av-control-default'  data-custom_markup=''  data-perma_caption=''  data-autoplay_stopper=''  data-image_attachment=''  data-min_height='0px'  data-src=''  data-position='top left'  data-repeat='no-repeat'  data-attach='scroll'  data-stretch=''  data-default-height='42'  class='avia-slideshow avia-slideshow-1  av-control-default av-default-height-applied avia-slideshow-featured_large av_slideshow_full   avia-slide-slider '  itemprop=\"image\" itemscope=\"itemscope\" itemtype=\"https:\/\/schema.org\/ImageObject\" ><ul class='avia-slideshow-inner ' style='padding-bottom: 42%;' ><li  class=' av-single-slide slide-1 ' ><div data-rel='slideshow-1' class='avia-slide-wrap '   ><div class = \"caption_fullwidth av-slideshow-caption caption_center caption_center_framed caption_framed\"><div class = \"container caption_container\"><div class = \"slideshow_caption\"><div class = \"slideshow_inner_caption\"><div class = \"slideshow_align_caption\"><h1  style='font-size:120px; color:#ffffff; ' class='avia-caption-title   av-medium-font-size-overwrite av-medium-font-size-50 av-small-font-size-overwrite av-small-font-size-40 av-mini-font-size-overwrite av-mini-font-size-35'  itemprop=\"name\" >Lo Shop on line<\/h1><\/div><\/div><\/div><\/div><\/div><img src='https:\/\/birrificiobirdo.com\/wp-content\/uploads\/2021\/06\/birra-artigianale-shop-on-line-1500x630.jpeg' width='1500' height='630' title='birra artigianale shop on line' alt=''  itemprop=\"thumbnailUrl\"   \/><div class='av-section-color-overlay' style='opacity: 0.3; background-color: #47595e; '><\/div><\/div><\/li><\/ul><\/div><\/div>\n<div id='av_section_1'  class='avia-section main_color avia-section-default avia-no-border-styling avia-bg-style-scroll  avia-builder-el-1  el_after_av_slideshow_full  el_before_av_textblock   container_wrap sidebar_right' style=' '  ><div class='container' ><div class='template-page content  av-content-small alpha units'><div class='post-entry post-entry-type-page post-entry-396'><div class='entry-content-wrapper clearfix'>\n<div  style='padding-bottom:0px; font-size:40px;' class='av-special-heading av-special-heading-h3  blockquote modern-quote  avia-builder-el-2  el_before_av_hr  avia-builder-el-first  av-inherit-size '><h3 class='av-special-heading-tag '  itemprop=\"headline\"  >Birre artigianali Bird\u00f2, a casa tua!<\/h3><div class='special-heading-border'><div class='special-heading-inner-border' ><\/div><\/div><\/div>\n<div  style=' margin-top:0px; margin-bottom:10px;'  class='hr hr-custom hr-left hr-icon-no   avia-builder-el-3  el_after_av_heading  el_before_av_textblock '><span class='hr-inner   inner-border-av-border-fat' style=' width:100px; border-color:#edcd4c;' ><span class='hr-inner-style'><\/span><\/span><\/div>\n<section class=\"av_textblock_section \"  itemscope=\"itemscope\" itemtype=\"https:\/\/schema.org\/CreativeWork\" ><div class='avia_textblock  '  style='font-size:20px; '  itemprop=\"text\" ><p>Non facciamo segreto del nostro legame con il territorio e della volont\u00e0 che la <strong>Birreria a Teolo <\/strong>divenga un punto di incontro dove bere <strong>ottima birra artigianale sui\u00a0Colli Euganei.\u00a0<\/strong> E non rinunceremmo mai a questo contatto con le persone, clienti, amici, appassionati di birra. Anche <strong>lo shop fisico in Birreria<\/strong>\u00a0ci permette di venire a casa con te, con le birre artigianali in bottiglia, la bottiglia in PET riciclabile con birra alla spina, le lattine e tutte le confezioni multipack, pure il <strong>fustino da 5 litri di birra artigianale.<\/strong> Ma il 2020 ci ha insegnato a pensare anche che se i nostri amici non possono venirci a trovare in birreria, vogliamo poterli raggiungere a casa loro, almeno con i nostri prodotti.<\/p>\n<p><strong>Una selezione delle nostre birre direttamente a casa tua. Pi\u00f9 facile di cos\u00ec non si pu\u00f2!<\/strong><\/p>\n<\/div><\/section>\n<\/div><\/div><\/div><!-- close content main div --><\/div><\/div><div id='after_section_1'  class='main_color av_default_container_wrap container_wrap sidebar_right' style=' '  ><div class='container' ><div class='template-page content  av-content-small alpha units'><div class='post-entry post-entry-type-page post-entry-396'><div class='entry-content-wrapper clearfix'>\n<section class=\"av_textblock_section \"  itemscope=\"itemscope\" itemtype=\"https:\/\/schema.org\/CreativeWork\" ><div class='avia_textblock  '   itemprop=\"text\" ><div id=\"collection-component-1623249237013\"><\/div>\n<p><script type=\"text\/javascript\">\n\/*<![CDATA[*\/\n(function () {\n  var scriptURL = 'https:\/\/sdks.shopifycdn.com\/buy-button\/latest\/buy-button-storefront.min.js';\n  if (window.ShopifyBuy) {\n    if (window.ShopifyBuy.UI) {\n      ShopifyBuyInit();\n    } else {\n      loadScript();\n    }\n  } else {\n    loadScript();\n  }\n  function loadScript() {\n    var script = document.createElement('script');\n    script.async = true;\n    script.src = scriptURL;\n    (document.getElementsByTagName('head')[0] || document.getElementsByTagName('body')[0]).appendChild(script);\n    script.onload = ShopifyBuyInit;\n  }\n  function ShopifyBuyInit() {\n    var client = ShopifyBuy.buildClient({\n      domain: 'birdo-brewery.myshopify.com',\n      storefrontAccessToken: '1134ccf4798460de43e7b1af2ee736bf',\n    });\n    ShopifyBuy.UI.onReady(client).then(function (ui) {\n      ui.createComponent('collection', {\n        id: '240911450312',\n        node: document.getElementById('collection-component-1623249237013'),\n        moneyFormat: '%E2%82%AC%7B%7Bamount_with_comma_separator%7D%7D',\n        options: {\n  \"product\": {\n    \"styles\": {\n      \"product\": {\n        \"@media (min-width: 601px)\": {\n          \"max-width\": \"calc(33.33333% - 30px)\",\n          \"margin-left\": \"30px\",\n          \"margin-bottom\": \"50px\",\n          \"width\": \"calc(33.33333% - 30px)\"\n        }\n      },\n      \"title\": {\n        \"font-family\": \"Roboto, sans-serif\",\n        \"color\": \"#47595e\"\n      },\n      \"button\": {\n        \"font-family\": \"Roboto, sans-serif\",\n        \"font-weight\": \"bold\",\n        \"font-size\": \"18px\",\n        \"padding-top\": \"17px\",\n        \"padding-bottom\": \"17px\",\n        \"color\": \"#47595e\",\n        \":hover\": {\n          \"color\": \"#47595e\",\n          \"background-color\": \"#d5b944\"\n        },\n        \"background-color\": \"#edcd4c\",\n        \":focus\": {\n          \"background-color\": \"#d5b944\"\n        },\n        \"border-radius\": \"0px\",\n        \"padding-left\": \"26px\",\n        \"padding-right\": \"26px\"\n      },\n      \"quantityInput\": {\n        \"font-size\": \"18px\",\n        \"padding-top\": \"17px\",\n        \"padding-bottom\": \"17px\"\n      },\n      \"price\": {\n        \"font-family\": \"Roboto, sans-serif\",\n        \"font-weight\": \"bold\",\n        \"font-size\": \"18px\",\n        \"color\": \"#47595e\"\n      },\n      \"compareAt\": {\n        \"font-family\": \"Roboto, sans-serif\",\n        \"font-weight\": \"bold\",\n        \"font-size\": \"15.299999999999999px\",\n        \"color\": \"#47595e\"\n      },\n      \"unitPrice\": {\n        \"font-family\": \"Roboto, sans-serif\",\n        \"font-weight\": \"bold\",\n        \"font-size\": \"15.299999999999999px\",\n        \"color\": \"#47595e\"\n      },\n      \"description\": {\n        \"font-family\": \"Roboto, sans-serif\"\n      }\n    },\n    \"buttonDestination\": \"modal\",\n    \"contents\": {\n      \"options\": false\n    },\n    \"text\": {\n      \"button\": \"Sceglimi\"\n    },\n    \"googleFonts\": [\n      \"Roboto\"\n    ]\n  },\n  \"productSet\": {\n    \"styles\": {\n      \"products\": {\n        \"@media (min-width: 601px)\": {\n          \"margin-left\": \"-30px\"\n        }\n      }\n    }\n  },\n  \"modalProduct\": {\n    \"contents\": {\n      \"img\": false,\n      \"imgWithCarousel\": true,\n      \"button\": false,\n      \"buttonWithQuantity\": true\n    },\n    \"styles\": {\n      \"product\": {\n        \"@media (min-width: 601px)\": {\n          \"max-width\": \"100%\",\n          \"margin-left\": \"0px\",\n          \"margin-bottom\": \"0px\"\n        }\n      },\n      \"button\": {\n        \"font-family\": \"Roboto, sans-serif\",\n        \"font-weight\": \"bold\",\n        \"font-size\": \"18px\",\n        \"padding-top\": \"17px\",\n        \"padding-bottom\": \"17px\",\n        \"color\": \"#47595e\",\n        \":hover\": {\n          \"color\": \"#47595e\",\n          \"background-color\": \"#d5b944\"\n        },\n        \"background-color\": \"#edcd4c\",\n        \":focus\": {\n          \"background-color\": \"#d5b944\"\n        },\n        \"border-radius\": \"0px\",\n        \"padding-left\": \"26px\",\n        \"padding-right\": \"26px\"\n      },\n      \"quantityInput\": {\n        \"font-size\": \"18px\",\n        \"padding-top\": \"17px\",\n        \"padding-bottom\": \"17px\"\n      },\n      \"title\": {\n        \"font-family\": \"Roboto, sans-serif\",\n        \"font-weight\": \"bold\",\n        \"font-size\": \"26px\",\n        \"color\": \"#47595e\"\n      },\n      \"price\": {\n        \"font-family\": \"Roboto, sans-serif\",\n        \"font-weight\": \"bold\",\n        \"font-size\": \"18px\",\n        \"color\": \"#47595e\"\n      },\n      \"compareAt\": {\n        \"font-family\": \"Roboto, sans-serif\",\n        \"font-weight\": \"bold\",\n        \"font-size\": \"15.299999999999999px\",\n        \"color\": \"#47595e\"\n      },\n      \"unitPrice\": {\n        \"font-family\": \"Roboto, sans-serif\",\n        \"font-weight\": \"bold\",\n        \"font-size\": \"15.299999999999999px\",\n        \"color\": \"#47595e\"\n      },\n      \"description\": {\n        \"font-family\": \"Lato, sans-serif\",\n        \"font-weight\": \"normal\",\n        \"font-size\": \"14px\",\n        \"color\": \"#4c4c4c\"\n      }\n    },\n    \"googleFonts\": [\n      \"Roboto\",\n      \"Lato\"\n    ],\n    \"text\": {\n      \"button\": \"Aggiungi al carrello\"\n    }\n  },\n  \"option\": {\n    \"styles\": {\n      \"label\": {\n        \"font-family\": \"Lato, sans-serif\"\n      },\n      \"select\": {\n        \"font-family\": \"Lato, sans-serif\"\n      }\n    },\n    \"googleFonts\": [\n      \"Lato\"\n    ]\n  },\n  \"cart\": {\n    \"styles\": {\n      \"button\": {\n        \"font-family\": \"Roboto, sans-serif\",\n        \"font-weight\": \"bold\",\n        \"font-size\": \"18px\",\n        \"padding-top\": \"17px\",\n        \"padding-bottom\": \"17px\",\n        \"color\": \"#47595e\",\n        \":hover\": {\n          \"color\": \"#47595e\",\n          \"background-color\": \"#d5b944\"\n        },\n        \"background-color\": \"#edcd4c\",\n        \":focus\": {\n          \"background-color\": \"#d5b944\"\n        },\n        \"border-radius\": \"0px\"\n      },\n      \"title\": {\n        \"color\": \"#47595e\"\n      },\n      \"header\": {\n        \"color\": \"#47595e\"\n      },\n      \"lineItems\": {\n        \"color\": \"#47595e\"\n      },\n      \"subtotalText\": {\n        \"color\": \"#47595e\"\n      },\n      \"subtotal\": {\n        \"color\": \"#47595e\"\n      },\n      \"notice\": {\n        \"color\": \"#47595e\"\n      },\n      \"currency\": {\n        \"color\": \"#47595e\"\n      },\n      \"close\": {\n        \"color\": \"#47595e\",\n        \":hover\": {\n          \"color\": \"#47595e\"\n        }\n      },\n      \"empty\": {\n        \"color\": \"#47595e\"\n      },\n      \"noteDescription\": {\n        \"color\": \"#47595e\"\n      },\n      \"discountText\": {\n        \"color\": \"#47595e\"\n      },\n      \"discountIcon\": {\n        \"fill\": \"#47595e\"\n      },\n      \"discountAmount\": {\n        \"color\": \"#47595e\"\n      },\n      \"cart\": {\n        \"background-color\": \"#faf9f6\"\n      },\n      \"footer\": {\n        \"background-color\": \"#faf9f6\"\n      }\n    },\n    \"text\": {\n      \"title\": \"Carrello\",\n      \"total\": \"Subtotale\",\n      \"empty\": \"Il carrello \u00e8 vuoto \",\n      \"notice\": \"Costi di spedizione e buoni sconto calcolati alla cassa\",\n      \"button\": \"Vai alla cassa\",\n      \"noteDescription\": \"Note per la spedizione\"\n    },\n    \"contents\": {\n      \"note\": true\n    },\n    \"googleFonts\": [\n      \"Roboto\"\n    ]\n  },\n  \"toggle\": {\n    \"styles\": {\n      \"toggle\": {\n        \"font-family\": \"Roboto, sans-serif\",\n        \"font-weight\": \"bold\",\n        \"background-color\": \"#edcd4c\",\n        \":hover\": {\n          \"background-color\": \"#d5b944\"\n        },\n        \":focus\": {\n          \"background-color\": \"#d5b944\"\n        }\n      },\n      \"count\": {\n        \"font-size\": \"18px\",\n        \"color\": \"#47595e\",\n        \":hover\": {\n          \"color\": \"#47595e\"\n        }\n      },\n      \"iconPath\": {\n        \"fill\": \"#47595e\"\n      }\n    },\n    \"googleFonts\": [\n      \"Roboto\"\n    ]\n  },\n  \"lineItem\": {\n    \"styles\": {\n      \"variantTitle\": {\n        \"color\": \"#47595e\"\n      },\n      \"title\": {\n        \"color\": \"#47595e\"\n      },\n      \"price\": {\n        \"color\": \"#47595e\"\n      },\n      \"fullPrice\": {\n        \"color\": \"#47595e\"\n      },\n      \"discount\": {\n        \"color\": \"#47595e\"\n      },\n      \"discountIcon\": {\n        \"fill\": \"#47595e\"\n      },\n      \"quantity\": {\n        \"color\": \"#47595e\"\n      },\n      \"quantityIncrement\": {\n        \"color\": \"#47595e\",\n        \"border-color\": \"#47595e\"\n      },\n      \"quantityDecrement\": {\n        \"color\": \"#47595e\",\n        \"border-color\": \"#47595e\"\n      },\n      \"quantityInput\": {\n        \"color\": \"#47595e\",\n        \"border-color\": \"#47595e\"\n      }\n    }\n  }\n},\n      });\n    });\n  }\n})();\n\/*]]>*\/\n<\/script><\/p>\n<\/div><\/section>\n","protected":false},"excerpt":{"rendered":"","protected":false},"author":1,"featured_media":0,"parent":0,"menu_order":0,"comment_status":"closed","ping_status":"closed","template":"","meta":{"footnotes":""},"class_list":["post-396","page","type-page","status-publish","hentry"],"_links":{"self":[{"href":"https:\/\/birrificiobirdo.com\/index.php\/wp-json\/wp\/v2\/pages\/396","targetHints":{"allow":["GET"]}}],"collection":[{"href":"https:\/\/birrificiobirdo.com\/index.php\/wp-json\/wp\/v2\/pages"}],"about":[{"href":"https:\/\/birrificiobirdo.com\/index.php\/wp-json\/wp\/v2\/types\/page"}],"author":[{"embeddable":true,"href":"https:\/\/birrificiobirdo.com\/index.php\/wp-json\/wp\/v2\/users\/1"}],"replies":[{"embeddable":true,"href":"https:\/\/birrificiobirdo.com\/index.php\/wp-json\/wp\/v2\/comments?post=396"}],"version-history":[{"count":7,"href":"https:\/\/birrificiobirdo.com\/index.php\/wp-json\/wp\/v2\/pages\/396\/revisions"}],"predecessor-version":[{"id":646,"href":"https:\/\/birrificiobirdo.com\/index.php\/wp-json\/wp\/v2\/pages\/396\/revisions\/646"}],"wp:attachment":[{"href":"https:\/\/birrificiobirdo.com\/index.php\/wp-json\/wp\/v2\/media?parent=396"}],"curies":[{"name":"wp","href":"https:\/\/api.w.org\/{rel}","templated":true}]}}