{"id":27,"date":"2021-05-27T12:05:57","date_gmt":"2021-05-27T10:05:57","guid":{"rendered":"http:\/\/birrificiobirdo.com\/?page_id=27"},"modified":"2024-01-24T16:29:57","modified_gmt":"2024-01-24T15:29:57","slug":"birrificio","status":"publish","type":"page","link":"https:\/\/birrificiobirdo.com\/index.php\/birrificio\/","title":{"rendered":"Birrificio"},"content":{"rendered":"<div id='full_slider_1'  class='avia-fullwidth-slider main_color avia-shadow   avia-builder-el-0  el_before_av_section  avia-builder-el-first   container_wrap sidebar_right' style=' '  ><div   data-size='featured_large'  data-lightbox_size='large'  data-animation='slide'  data-conditional_play=''  data-ids='643'  data-video_counter='0'  data-autoplay='false'  data-bg_slider='false'  data-slide_height=''  data-handle='av_slideshow_full'  data-interval='5'  data-class=' '  data-el_id=''  data-css_id=''  data-scroll_down=''  data-control_layout='av-control-default'  data-custom_markup=''  data-perma_caption=''  data-autoplay_stopper=''  data-image_attachment=''  data-min_height='0px'  data-src=''  data-position='top left'  data-repeat='no-repeat'  data-attach='scroll'  data-stretch=''  data-default-height='42'  class='avia-slideshow avia-slideshow-1  av-control-default av-default-height-applied avia-slideshow-featured_large av_slideshow_full   avia-slide-slider '  itemprop=\"image\" itemscope=\"itemscope\" itemtype=\"https:\/\/schema.org\/ImageObject\" ><ul class='avia-slideshow-inner ' style='padding-bottom: 42%;' ><li  class=' av-single-slide slide-1 ' ><div data-rel='slideshow-1' class='avia-slide-wrap '   ><div class = \"caption_fullwidth av-slideshow-caption caption_center caption_center_framed caption_framed\"><div class = \"container caption_container\"><div class = \"slideshow_caption\"><div class = \"slideshow_inner_caption\"><div class = \"slideshow_align_caption\"><h1  style='font-size:120px; color:#ffffff; ' class='avia-caption-title   av-medium-font-size-overwrite av-medium-font-size-50 av-small-font-size-overwrite av-small-font-size-40 av-mini-font-size-overwrite av-mini-font-size-35'  itemprop=\"name\" >Il Birrificio, le persone e le cose<\/h1><\/div><\/div><\/div><\/div><\/div><img src='https:\/\/birrificiobirdo.com\/wp-content\/uploads\/2023\/01\/impianto-birdo-1500x630.jpeg' width='1500' height='630' title='impianto birdo\u0300' alt=''  itemprop=\"thumbnailUrl\"   \/><div class='av-section-color-overlay' style='opacity: 0.3; background-color: #47595e; '><\/div><\/div><\/li><\/ul><\/div><\/div>\n<div id='av_section_1'  class='avia-section main_color avia-section-default avia-no-border-styling avia-bg-style-scroll  avia-builder-el-1  el_after_av_slideshow_full  el_before_av_section   container_wrap sidebar_right' style=' '  ><div class='container' ><div class='template-page content  av-content-small alpha units'><div class='post-entry post-entry-type-page post-entry-27'><div class='entry-content-wrapper clearfix'>\n<div  style='padding-bottom:0px; font-size:40px;' class='av-special-heading av-special-heading-h3  blockquote modern-quote  avia-builder-el-2  el_before_av_hr  avia-builder-el-first  av-inherit-size '><h3 class='av-special-heading-tag '  itemprop=\"headline\"  >La storia e chi l\u2019ha fatta<\/h3><div class='special-heading-border'><div class='special-heading-inner-border' ><\/div><\/div><\/div>\n<div  style=' margin-top:0px; margin-bottom:10px;'  class='hr hr-custom hr-left hr-icon-no   avia-builder-el-3  el_after_av_heading  el_before_av_textblock '><span class='hr-inner   inner-border-av-border-fat' style=' width:100px; border-color:#edcd4c;' ><span class='hr-inner-style'><\/span><\/span><\/div>\n<section class=\"av_textblock_section \"  itemscope=\"itemscope\" itemtype=\"https:\/\/schema.org\/CreativeWork\" ><div class='avia_textblock  '  style='font-size:20px; '  itemprop=\"text\" ><p>La <strong>fabbrica di birra, dove le idee del birraio atterrano sul libro delle ricette.<\/strong><\/p>\n<p>Prove, assaggi, modifiche.<\/p>\n<p>Poi la nuova birra prende forma: <strong>scelta delle materie prime, molitura, cotta, fermentazione, seconda fermentazione.<\/strong><\/p>\n<p>Dal B\/N degli appunti, da numeri e lettere, le creazioni prendono colore, tutti i colori di Bird\u00f2.<\/p>\n<p><strong>Paint it beer!<\/strong><\/p>\n<\/div><\/section>\n<div  style='height:20px' class='hr hr-invisible   avia-builder-el-5  el_after_av_textblock  el_before_av_one_third '><span class='hr-inner ' ><span class='hr-inner-style'><\/span><\/span><\/div>\n<div class='flex_column_table av-equal-height-column-flextable -flextable' ><div class=\"flex_column av_one_third  avia-full-contain flex_column_table_cell av-equal-height-column av-align-middle first  avia-builder-el-6  el_after_av_hr  el_before_av_three_fourth  \" style='background:url(https:\/\/birrificiobirdo.com\/wp-content\/uploads\/2021\/05\/sfonfo-titoli.png) center left no-repeat ; padding:30px 0px 30px 15px ; border-radius:0px; '><div  style='padding-bottom:0px; color:#47595e;font-size:35px;' class='av-special-heading av-special-heading-h3 custom-color-heading blockquote modern-quote  avia-builder-el-7  avia-builder-el-no-sibling  av-inherit-size '><h3 class='av-special-heading-tag '  itemprop=\"headline\"  >La bollitura&#8230;<\/h3><div class ='av-subheading av-subheading_below av_custom_color ' style='font-size:20px;'><p>&#8230; cotti a puntino!<\/p>\n<\/div><div class='special-heading-border'><div class='special-heading-inner-border' style='border-color:#47595e'><\/div><\/div><\/div><\/div><\/div><!--close column table wrapper. Autoclose: 1 --><div class=\"flex_column av_three_fourth  flex_column_div av-zero-column-padding first  avia-builder-el-8  el_after_av_one_third  el_before_av_hr  column-top-margin\" style='border-radius:0px; '><div  id=\"avia-timeline-1\"  class='avia-timeline-container    avia-builder-el-9  avia-builder-el-no-sibling ' ><ul class='avia-timeline avia-timeline-vertical av-milestone-placement-left avia-timeline-boxshadow avia_animate_when_almost_visible '>\n<li class='av-milestone av-animated-generic fade-in av-milestone-odd  av-milestone-valign-middle'><h2 class='av-milestone-date  ' style='font-size:24px; ' id='milestone-'><strong><span class='av-milestone-indicator'style='background-color:#ffffff; '><\/span><\/strong><\/h2><div class=\"av-milestone-icon-wrap\"><span class='milestone_icon milestone-icon-hasborder' style='background-color:#ffffff; '><span class='milestone_inner' style='background-color:#ffffff; background-image:url(https:\/\/birrificiobirdo.com\/wp-content\/uploads\/2021\/05\/birrificio-artigianale-birdo\u0300.-la-nascita-nel-2014-300x300.png); '>&nbsp;<\/span><\/span><\/div><article class='av-milestone-content-wrap'><div class='av-milestone-contentbox' ><div class='av-milestone-content' style='font-size:14px; '><p><span style=\"font-weight: 400;\">Nel 2014 dopo qualche tempo di &#8220;macinatura&#8221; l&#8217;idea di creare un <strong>birrificio artigianale dei Colli Euganei<\/strong>, inizia a prendere forma. I primi passi sono incerti, ma raggiungiamo i primi obiettivi. Allora era tutto diverso anche il nome.<\/span><\/p>\n<\/div><\/div><footer style='background-color:#ffffff; ' class='entry-footer'><\/footer><\/article><\/li>\n<li class='av-milestone av-animated-generic fade-in av-milestone-even  av-milestone-valign-middle'><h2 class='av-milestone-date  ' style='font-size:24px; ' id='milestone-'><strong><span class='av-milestone-indicator'style='background-color:#ffffff; '><\/span><\/strong><\/h2><div class=\"av-milestone-icon-wrap\"><span class='milestone_icon milestone-icon-hasborder' style='background-color:#ffffff; '><span class='milestone_inner' style='background-color:#ffffff; background-image:url(https:\/\/birrificiobirdo.com\/wp-content\/uploads\/2021\/05\/birrificio-artigianle-birdo\u0300.-anno-2015-300x300.png); '>&nbsp;<\/span><\/span><\/div><article class='av-milestone-content-wrap'><div class='av-milestone-contentbox' ><div class='av-milestone-content' style='font-size:14px; '><p><span style=\"font-weight: 400;\">Nel 2015 abbiamo trasferito <strong>brewery e bottiglie ad Abano Terme. <\/strong>Continuiamo a sperimentare, cerchiamo di perfezionare le nostre ricette e iniziamo a mettere a punto le prime birre, <strong>una birra bionda beverina, una doppio malto corposa<\/strong> e lavoriamo alla nostra <strong>birra stout artigianale.\u00a0<\/strong><\/span><\/p>\n<\/div><\/div><footer style='background-color:#ffffff; ' class='entry-footer'><\/footer><\/article><\/li>\n<li class='av-milestone av-animated-generic fade-in av-milestone-odd  av-milestone-valign-middle'><h2 class='av-milestone-date  ' style='font-size:24px; ' id='milestone-'><strong><span class='av-milestone-indicator'style='background-color:#ffffff; '><\/span><\/strong><\/h2><div class=\"av-milestone-icon-wrap\"><span class='milestone_icon milestone-icon-hasborder' style='background-color:#ffffff; '><span class='milestone_inner' style='background-color:#ffffff; background-image:url(https:\/\/birrificiobirdo.com\/wp-content\/uploads\/2021\/05\/birrificio-artigianale-birdo\u0300.-2016-300x300.png); '>&nbsp;<\/span><\/span><\/div><article class='av-milestone-content-wrap'><div class='av-milestone-contentbox' ><div class='av-milestone-content' style='font-size:14px; '><p><span style=\"font-weight: 400;\">Da 2016 inizia la nostra attivit\u00e0 vera e propria. Continuiamo a sperimentare e a cercare nuovi sapori ma le prime ricette sono ormai collaudate e trovano la loro strada. A Padova c&#8217;\u00e8 gi\u00e0 chi , quando ordina una birra, sceglie <strong>la birra artigianale Bird\u00f2.<\/strong><\/span><\/p>\n<\/div><\/div><footer style='background-color:#ffffff; ' class='entry-footer'><\/footer><\/article><\/li>\n<\/ul><\/div><\/div><div  style='height:20px' class='hr hr-invisible   avia-builder-el-10  el_after_av_three_fourth  el_before_av_one_third '><span class='hr-inner ' ><span class='hr-inner-style'><\/span><\/span><\/div>\n<div class='flex_column_table av-equal-height-column-flextable -flextable' ><div class=\"flex_column av_one_third  avia-full-contain flex_column_table_cell av-equal-height-column av-align-middle first  avia-builder-el-11  el_after_av_hr  el_before_av_three_fourth  \" style='background:url(https:\/\/birrificiobirdo.com\/wp-content\/uploads\/2021\/05\/sfonfo-titoli.png) center left no-repeat ; padding:30px 0px 30px 15px ; border-radius:0px; '><div  style='padding-bottom:0px; color:#47595e;font-size:35px;' class='av-special-heading av-special-heading-h3 custom-color-heading blockquote modern-quote  avia-builder-el-12  avia-builder-el-no-sibling  av-inherit-size '><h3 class='av-special-heading-tag '  itemprop=\"headline\"  >La fermentazione&#8230;<\/h3><div class ='av-subheading av-subheading_below av_custom_color ' style='font-size:20px;'><p>&#8230; c&#8217;\u00e8 vita!<\/p>\n<\/div><div class='special-heading-border'><div class='special-heading-inner-border' style='border-color:#47595e'><\/div><\/div><\/div><\/div><\/div><!--close column table wrapper. Autoclose: 1 --><div class=\"flex_column av_three_fourth  flex_column_div av-zero-column-padding first  avia-builder-el-13  el_after_av_one_third  el_before_av_hr  column-top-margin\" style='border-radius:0px; '><div  id=\"avia-timeline-2\"  class='avia-timeline-container    avia-builder-el-14  avia-builder-el-no-sibling ' ><ul class='avia-timeline avia-timeline-vertical av-milestone-placement-left avia-timeline-boxshadow avia_animate_when_almost_visible '>\n<li class='av-milestone av-animated-generic fade-in av-milestone-odd  av-milestone-valign-middle'><h2 class='av-milestone-date  ' style='font-size:24px; ' id='milestone-'><strong><span class='av-milestone-indicator'style='background-color:#ffffff; '><\/span><\/strong><\/h2><div class=\"av-milestone-icon-wrap\"><span class='milestone_icon milestone-icon-hasborder' style='background-color:#ffffff; '><span class='milestone_inner' style='background-color:#ffffff; background-image:url(https:\/\/birrificiobirdo.com\/wp-content\/uploads\/2021\/05\/produttori-di-birra-a-padova-2017-300x300.png); '>&nbsp;<\/span><\/span><\/div><article class='av-milestone-content-wrap'><div class='av-milestone-contentbox' ><div class='av-milestone-content' style='font-size:14px; '><p><span style=\"font-weight: 400;\">Il 2017 \u00e8 stato l&#8217;anno del cambiamento:<strong> da beer-firm siamo diventati produttori, yeah!<\/strong> Si aprono nuove prospettive: l&#8217;artigiano dispone dei suoi mezzi e dei suoi attrezzi. Si affondano le mani nei malti, si respira profumo di cotta, nello stabilimento di sentono gorgogliare le fermentazioni. La ricerca e le sperimentazioni si intensificano, e i risultati non tardano ad arrivare. La strada verso la produzione di una\u00a0<strong>birra artigianale di Padova<\/strong>, pensata, nata e prodotta a braccetto con il territorio, \u00e8 segnata.\u00a0<\/span><\/p>\n<\/div><\/div><footer style='background-color:#ffffff; ' class='entry-footer'><\/footer><\/article><\/li>\n<li class='av-milestone av-animated-generic fade-in av-milestone-even  av-milestone-valign-middle'><h2 class='av-milestone-date  ' style='font-size:24px; ' id='milestone-'><strong><span class='av-milestone-indicator'style='background-color:#ffffff; '><\/span><\/strong><\/h2><div class=\"av-milestone-icon-wrap\"><span class='milestone_icon milestone-icon-hasborder' style='background-color:#ffffff; '><span class='milestone_inner' style='background-color:#ffffff; background-image:url(https:\/\/birrificiobirdo.com\/wp-content\/uploads\/2021\/05\/produzione-di-birra-a-Padova-2018-300x300.png); '>&nbsp;<\/span><\/span><\/div><article class='av-milestone-content-wrap'><div class='av-milestone-contentbox' ><div class='av-milestone-content' style='font-size:14px; '><p>Ci sono momenti in cui devi scegliere se pigiare sull&#8217;acceleratore o rallentare e ripensare se quello che stai facendo \u00e8 davvero quello che vuoi. Nel 2018 noi abbiamo rallentato. Volevamo mantenere il nostro legame con il territorio, volevamo offrire qualcosa di pi\u00f9 e andava ripensato come e dove. Eravamo un\u00a0<strong>birrificio a Padova<\/strong>, volevamo diventare il luogo di incontro dove trovare un&#8217;ottima\u00a0<strong>birra artigianale\u00a0<\/strong>ma anche tutto lo spirito e i valori che ci avevano portato fin qui.<\/p>\n<\/div><\/div><footer style='background-color:#ffffff; ' class='entry-footer'><\/footer><\/article><\/li>\n<\/ul><\/div><\/div><div  style='height:20px' class='hr hr-invisible   avia-builder-el-15  el_after_av_three_fourth  el_before_av_one_third '><span class='hr-inner ' ><span class='hr-inner-style'><\/span><\/span><\/div>\n<div class='flex_column_table av-equal-height-column-flextable -flextable' ><div class=\"flex_column av_one_third  avia-full-contain flex_column_table_cell av-equal-height-column av-align-middle first  avia-builder-el-16  el_after_av_hr  el_before_av_three_fourth  \" style='background:url(https:\/\/birrificiobirdo.com\/wp-content\/uploads\/2021\/05\/sfonfo-titoli.png) center left no-repeat ; padding:30px 0px 30px 15px ; border-radius:0px; '><div  style='padding-bottom:0px; color:#47595e;font-size:35px;' class='av-special-heading av-special-heading-h3 custom-color-heading blockquote modern-quote  avia-builder-el-17  avia-builder-el-no-sibling  av-inherit-size '><h3 class='av-special-heading-tag '  itemprop=\"headline\"  >La maturazione&#8230;<\/h3><div class ='av-subheading av-subheading_below av_custom_color ' style='font-size:20px;'><p>&#8230; pronti da stappare!<\/p>\n<\/div><div class='special-heading-border'><div class='special-heading-inner-border' style='border-color:#47595e'><\/div><\/div><\/div><\/div><\/div><!--close column table wrapper. Autoclose: 1 --><div class=\"flex_column av_three_fourth  flex_column_div av-zero-column-padding first  avia-builder-el-18  el_after_av_one_third  el_before_av_one_fourth  column-top-margin\" style='border-radius:0px; '><div  id=\"avia-timeline-3\"  class='avia-timeline-container    avia-builder-el-19  avia-builder-el-no-sibling ' ><ul class='avia-timeline avia-timeline-vertical av-milestone-placement-left avia-timeline-boxshadow avia_animate_when_almost_visible '>\n<li class='av-milestone av-animated-generic fade-in av-milestone-odd  av-milestone-valign-middle'><h2 class='av-milestone-date  ' style='font-size:24px; ' id='milestone-'><strong><span class='av-milestone-indicator'style='background-color:#ffffff; '><\/span><\/strong><\/h2><div class=\"av-milestone-icon-wrap\"><span class='milestone_icon milestone-icon-hasborder' style='background-color:#ffffff; '><span class='milestone_inner' style='background-color:#ffffff; background-image:url(https:\/\/birrificiobirdo.com\/wp-content\/uploads\/2021\/05\/tap-room-a-teolo-2019-300x300.png); '>&nbsp;<\/span><\/span><\/div><article class='av-milestone-content-wrap'><div class='av-milestone-contentbox' ><div class='av-milestone-content' style='font-size:14px; '><p>Abbiamo impacchettato le nostre esperienze, il lavoro e le idee e abbiamo trasferito tutto da Abano Terme alla sede attuale, il primo <strong>birrificio artigianale di Teolo<\/strong>, ai piedi dei <strong>Colli Euganei. <\/strong>Dal 2019 siamo a\u00a0<span style=\"font-weight: 400;\">San Biagio, lungo la SP89, per essere presenti sul territorio, raggiungibili da chi fruisce, sceglie il nostro prodotti. Non pi\u00f9 solo laboratorio, ma anche <strong>tap room<\/strong>. <\/span><span style=\"font-weight: 400;\">Non filtrati, come le birre artigianali.<\/span><\/p>\n<\/div><\/div><footer style='background-color:#ffffff; ' class='entry-footer'><\/footer><\/article><\/li>\n<li class='av-milestone av-animated-generic fade-in av-milestone-even  av-milestone-valign-middle'><h2 class='av-milestone-date  ' style='font-size:24px; ' id='milestone-'><strong><span class='av-milestone-indicator'style='background-color:#ffffff; '><\/span><\/strong><\/h2><div class=\"av-milestone-icon-wrap\"><span class='milestone_icon milestone-icon-hasborder' style='background-color:#ffffff; '><span class='milestone_inner' style='background-color:#ffffff; background-image:url(https:\/\/birrificiobirdo.com\/wp-content\/uploads\/2021\/05\/tap-room-a-teolo-2020-300x300.png); '>&nbsp;<\/span><\/span><\/div><article class='av-milestone-content-wrap'><div class='av-milestone-contentbox' ><div class='av-milestone-content' style='font-size:14px; '><p>L&#8217;annus horribilis 2020 \u00e8 stato un <span style=\"font-weight: 400;\">anno di transizione. Il mondo \u00e8 cambiato e noi cambiamo il nostro mondo, con tante nuove collaborazioni, progetti e ovviamente tanta buona\u00a0<strong>birra artigianale.<\/strong><\/span><\/p>\n<\/div><\/div><footer style='background-color:#ffffff; ' class='entry-footer'><\/footer><\/article><\/li>\n<\/ul><\/div><\/div><div class=\"flex_column av_one_fourth  flex_column_div av-zero-column-padding   avia-builder-el-20  el_after_av_three_fourth  avia-builder-el-last  column-top-margin\" style='border-radius:0px; '><\/div>\n\n<\/div><\/div><\/div><!-- close content main div --><\/div><\/div><div id='av_section_2'  class='avia-section main_color avia-section-default avia-no-border-styling avia-bg-style-scroll  avia-builder-el-21  el_after_av_section  el_before_av_section   container_wrap sidebar_right' style=' '  ><div class='container' ><div class='template-page content  av-content-small alpha units'><div class='post-entry post-entry-type-page post-entry-27'><div class='entry-content-wrapper clearfix'>\n<div  style='padding-bottom:0px; font-size:40px;' class='av-special-heading av-special-heading-h3  blockquote modern-quote  avia-builder-el-22  el_before_av_hr  avia-builder-el-first  av-inherit-size '><h3 class='av-special-heading-tag '  itemprop=\"headline\"  >Persone e cose<\/h3><div class='special-heading-border'><div class='special-heading-inner-border' ><\/div><\/div><\/div>\n<div  style=' margin-top:0px; margin-bottom:10px;'  class='hr hr-custom hr-left hr-icon-no   avia-builder-el-23  el_after_av_heading  el_before_av_textblock '><span class='hr-inner   inner-border-av-border-fat' style=' width:100px; border-color:#edcd4c;' ><span class='hr-inner-style'><\/span><\/span><\/div>\n<section class=\"av_textblock_section \"  itemscope=\"itemscope\" itemtype=\"https:\/\/schema.org\/CreativeWork\" ><div class='avia_textblock  '  style='font-size:20px; '  itemprop=\"text\" ><p>Non filtrati, come la\u00a0<strong>birra artigianale<\/strong>. Quindi eccoci qua se ancora non sei passato a conoscerci, una degustazione di chi siamo. Poi ti aspettiamo in birreria per brindare insieme, la birra la scegli tu!<\/p>\n<\/div><\/section>\n<div class=\"flex_column av_one_fourth  flex_column_div av-zero-column-padding first  avia-builder-el-25  el_after_av_textblock  el_before_av_one_fourth  column-top-margin\" style='border-radius:0px; '><\/div><div class=\"flex_column av_one_fourth  flex_column_div av-zero-column-padding   avia-builder-el-26  el_after_av_one_fourth  el_before_av_one_fourth  column-top-margin\" style='border-radius:0px; '><section  class='avia-team-member   avia-builder-el-27  avia-builder-el-no-sibling '  itemscope=\"itemscope\" itemtype=\"https:\/\/schema.org\/Person\" ><div class='team-img-container'><img class='avia_image avia_image_team' src='https:\/\/birrificiobirdo.com\/wp-content\/uploads\/2021\/06\/Stefano-mastro-birraio-Birdo.jpeg' alt='Stefano'  itemprop=\"image\"  \/><\/div><h3 class='team-member-name'   style='color:#47595e; '  itemprop=\"name\" >Stefano<\/h3><div class='team-member-job-title av_opacity_variation'  style='color:#47595e; '  itemprop=\"jobTitle\" ><strong>Beer Job<\/strong>: Head brewer e cantiniere, una via di mezzo fra Panoramix e Jeff Bezos.<\/div><div class='team-member-description '  itemprop=\"description\"  ><p>Dottore in scienze forestali, che al legno degli alberi d\u2019alto fusto ha preferito la delicatezza dell\u2019orzo distico, e al bosco, una bella brewery a Teolo.<\/p>\n<p><strong>Birra preferita<\/strong>: One More, birra che non stanca mai. Tra gli spigoli delle mode, la OneMore rappresenta il cerchio, la forma perfetta in assenza di gravit\u00e0. Un collegamento con il mondo forestale perch\u00e9 ricorda il bosco con i profumi di resina e legno, di terra e humus. Sostanze di base, legame primordiale.<\/p>\n<\/div><span class='hidden team-member-affiliation'  itemprop=\"affiliation\" >Birrificio Birdo<\/span><\/section><\/div><div class=\"flex_column av_one_fourth  flex_column_div av-zero-column-padding   avia-builder-el-28  el_after_av_one_fourth  avia-builder-el-last  column-top-margin\" style='border-radius:0px; '><\/div><\/div><\/div><\/div><!-- close content main div --><\/div><\/div><div id='av_section_3'  class='avia-section main_color avia-section-default avia-no-border-styling avia-bg-style-scroll  avia-builder-el-29  el_after_av_section  avia-builder-el-last   container_wrap sidebar_right' style=' '  ><div class='container' ><div class='template-page content  av-content-small alpha units'><div class='post-entry post-entry-type-page post-entry-27'><div class='entry-content-wrapper clearfix'>\n<div  style='padding-bottom:0px; font-size:40px;' class='av-special-heading av-special-heading-h3  blockquote modern-quote  avia-builder-el-30  el_before_av_hr  avia-builder-el-first  av-inherit-size '><h3 class='av-special-heading-tag '  itemprop=\"headline\"  >Codice Etico<\/h3><div class='special-heading-border'><div class='special-heading-inner-border' ><\/div><\/div><\/div>\n<div  style=' margin-top:0px; margin-bottom:10px;'  class='hr hr-custom hr-left hr-icon-no   avia-builder-el-31  el_after_av_heading  el_before_av_textblock '><span class='hr-inner   inner-border-av-border-fat' style=' width:100px; border-color:#edcd4c;' ><span class='hr-inner-style'><\/span><\/span><\/div>\n<section class=\"av_textblock_section \"  itemscope=\"itemscope\" itemtype=\"https:\/\/schema.org\/CreativeWork\" ><div class='avia_textblock  '  style='font-size:20px; '  itemprop=\"text\" ><p>Facciamo birra,\u00a0<strong>birra artigianale,\u00a0<\/strong>ma cerchiamo in questi nostri &#8220;lavori&#8221; di metterci tutti i nostri &#8220;valori&#8221;. Innanzitutto\u00a0<strong>sostenibilit\u00e0<\/strong>, perch\u00e9 le risorse sono limitate e la terra \u00e8 una sola, ma ci sono anche le persone e i progetti quelli belli, a cui aderire.\u00a0<strong>Territorio<\/strong>, il nostro birrificio fa parte della meravigliosa terra ai piedi dei\u00a0<strong>Colli Euganei<\/strong> e noi non possiamo che farne tesoro e farci portavoce della bellezza e della ricchezza che caratterizza questa terra. E infine, ultimo ma non ultimo,\u00a0<strong>qualit\u00e0<\/strong>, perch\u00e9 la\u00a0<strong>birra artigianale\u00a0<\/strong>\u00e8 lavoro attento e minuzioso del mastro birraio, perch\u00e9 scegliamo con cura le nostre materie prime, perch\u00e9 nulla \u00e8 lasciato al caso.<\/p>\n<p>Scarica il nostro Codice Etico.<\/p>\n<\/div><\/section>\n<div  class='avia-button-wrap avia-button-left  avia-builder-el-33  el_after_av_textblock  avia-builder-el-last ' ><a href='https:\/\/birrificiobirdo.com\/wp-content\/uploads\/2022\/04\/CODICE-ETICO.pdf'  class='avia-button   avia-icon_select-no avia-color-theme-color avia-size-large avia-position-left '  target=\"_blank\"   ><span class='avia_iconbox_title' >Codice Etico<\/span><\/a><\/div>\n<\/div><\/div><\/div><!-- close content main div --><\/div><\/div><div id='after_section_3'  class='main_color av_default_container_wrap container_wrap sidebar_right' style=' '  ><div class='container' ><div class='template-page content  av-content-small alpha units'><div class='post-entry post-entry-type-page post-entry-27'><div class='entry-content-wrapper clearfix'><\/p>\n","protected":false},"excerpt":{"rendered":"","protected":false},"author":1,"featured_media":0,"parent":0,"menu_order":0,"comment_status":"closed","ping_status":"closed","template":"","meta":{"footnotes":""},"class_list":["post-27","page","type-page","status-publish","hentry"],"_links":{"self":[{"href":"https:\/\/birrificiobirdo.com\/index.php\/wp-json\/wp\/v2\/pages\/27","targetHints":{"allow":["GET"]}}],"collection":[{"href":"https:\/\/birrificiobirdo.com\/index.php\/wp-json\/wp\/v2\/pages"}],"about":[{"href":"https:\/\/birrificiobirdo.com\/index.php\/wp-json\/wp\/v2\/types\/page"}],"author":[{"embeddable":true,"href":"https:\/\/birrificiobirdo.com\/index.php\/wp-json\/wp\/v2\/users\/1"}],"replies":[{"embeddable":true,"href":"https:\/\/birrificiobirdo.com\/index.php\/wp-json\/wp\/v2\/comments?post=27"}],"version-history":[{"count":97,"href":"https:\/\/birrificiobirdo.com\/index.php\/wp-json\/wp\/v2\/pages\/27\/revisions"}],"predecessor-version":[{"id":664,"href":"https:\/\/birrificiobirdo.com\/index.php\/wp-json\/wp\/v2\/pages\/27\/revisions\/664"}],"wp:attachment":[{"href":"https:\/\/birrificiobirdo.com\/index.php\/wp-json\/wp\/v2\/media?parent=27"}],"curies":[{"name":"wp","href":"https:\/\/api.w.org\/{rel}","templated":true}]}}